{"id":129,"date":"2023-11-19T15:46:08","date_gmt":"2023-11-19T15:46:08","guid":{"rendered":"https:\/\/www.placas.maximascotas.com.co\/petservices\/?page_id=129"},"modified":"2024-04-03T15:16:40","modified_gmt":"2024-04-03T15:16:40","slug":"mm001","status":"publish","type":"page","link":"https:\/\/www.placas.maximascotas.com.co\/petservices\/mm001\/","title":{"rendered":"Tim\u00f3n"},"content":{"rendered":"\t\t<div data-elementor-type=\"wp-page\" data-elementor-id=\"129\" class=\"elementor elementor-129\">\n\t\t\t\t<div class=\"elementor-element elementor-element-b8fcf84 e-flex e-con-boxed e-con e-parent\" data-id=\"b8fcf84\" data-element_type=\"container\" data-e-type=\"container\">\n\t\t\t\t\t<div class=\"e-con-inner\">\n\t\t<div class=\"elementor-element elementor-element-63cb8cc e-con-full e-flex e-con e-child\" data-id=\"63cb8cc\" data-element_type=\"container\" data-e-type=\"container\">\n\t\t\t\t<div class=\"elementor-element elementor-element-0d7e463 elementor-widget elementor-widget-image\" data-id=\"0d7e463\" data-element_type=\"widget\" data-e-type=\"widget\" data-widget_type=\"image.default\">\n\t\t\t\t<div class=\"elementor-widget-container\">\n\t\t\t\t\t\t\t\t\t\t\t\t\t\t\t<img fetchpriority=\"high\" decoding=\"async\" width=\"300\" height=\"300\" src=\"https:\/\/www.placas.maximascotas.com.co\/wp-content\/uploads\/2023\/11\/timon-300x300.jpg\" class=\"attachment-medium size-medium wp-image-28\" alt=\"\" srcset=\"https:\/\/www.placas.maximascotas.com.co\/wp-content\/uploads\/2023\/11\/timon-300x300.jpg 300w, https:\/\/www.placas.maximascotas.com.co\/wp-content\/uploads\/2023\/11\/timon-150x150.jpg 150w, https:\/\/www.placas.maximascotas.com.co\/wp-content\/uploads\/2023\/11\/timon-768x768.jpg 768w, https:\/\/www.placas.maximascotas.com.co\/wp-content\/uploads\/2023\/11\/timon-600x600.jpg 600w, https:\/\/www.placas.maximascotas.com.co\/wp-content\/uploads\/2023\/11\/timon.jpg 960w\" sizes=\"(max-width: 300px) 100vw, 300px\" \/>\t\t\t\t\t\t\t\t\t\t\t\t\t\t\t<\/div>\n\t\t\t\t<\/div>\n\t\t\t\t<\/div>\n\t\t<div class=\"elementor-element elementor-element-982e2e8 e-con-full e-flex e-con e-child\" data-id=\"982e2e8\" data-element_type=\"container\" data-e-type=\"container\">\n\t\t<div class=\"elementor-element elementor-element-10ec81d e-flex e-con-boxed e-con e-child\" data-id=\"10ec81d\" data-element_type=\"container\" data-e-type=\"container\">\n\t\t\t\t\t<div class=\"e-con-inner\">\n\t\t\t\t<div class=\"elementor-element elementor-element-a59080d elementor-widget elementor-widget-heading\" data-id=\"a59080d\" data-element_type=\"widget\" data-e-type=\"widget\" data-widget_type=\"heading.default\">\n\t\t\t\t<div class=\"elementor-widget-container\">\n\t\t\t\t\t<h2 class=\"elementor-heading-title elementor-size-default\">Tim\u00f3n<\/h2>\t\t\t\t<\/div>\n\t\t\t\t<\/div>\n\t\t\t\t\t<\/div>\n\t\t\t\t<\/div>\n\t\t<div class=\"elementor-element elementor-element-47fb5f9 e-flex e-con-boxed e-con e-child\" data-id=\"47fb5f9\" data-element_type=\"container\" data-e-type=\"container\">\n\t\t\t\t\t<div class=\"e-con-inner\">\n\t\t\t\t<div class=\"elementor-element elementor-element-af0d05d elementor-widget elementor-widget-text-editor\" data-id=\"af0d05d\" data-element_type=\"widget\" data-e-type=\"widget\" data-widget_type=\"text-editor.default\">\n\t\t\t\t<div class=\"elementor-widget-container\">\n\t\t\t\t\t\t\t\t\t<h4>Especie: Felina<\/h4><h4>Sexo: Macho<\/h4><h4>Fecha de Nacimiento: 3 de agosto de 2013<\/h4><h4>Estado Reproductivo: Castrado<\/h4><h4>Vacunas: Al d\u00eda<\/h4><h4>Me alimento con: Pro Plan OM Felino<\/h4><h4>Condici\u00f3n especial: Muy Gordito<\/h4>\t\t\t\t\t\t\t\t<\/div>\n\t\t\t\t<\/div>\n\t\t\t\t\t<\/div>\n\t\t\t\t<\/div>\n\t\t\t\t<\/div>\n\t\t\t\t\t<\/div>\n\t\t\t\t<\/div>\n\t\t<div class=\"elementor-element elementor-element-9afd66d e-flex e-con-boxed e-con e-parent\" data-id=\"9afd66d\" data-element_type=\"container\" data-e-type=\"container\">\n\t\t\t\t\t<div class=\"e-con-inner\">\n\t\t\t\t<div class=\"elementor-element elementor-element-c4cd4a2 elementor-widget-divider--separator-type-pattern elementor-widget-divider--no-spacing elementor-widget-divider--view-line elementor-widget elementor-widget-divider\" data-id=\"c4cd4a2\" data-element_type=\"widget\" data-e-type=\"widget\" data-widget_type=\"divider.default\">\n\t\t\t\t<div class=\"elementor-widget-container\">\n\t\t\t\t\t\t\t<div class=\"elementor-divider\" style=\"--divider-pattern-url: url(&quot;data:image\/svg+xml,%3Csvg xmlns=&#039;http:\/\/www.w3.org\/2000\/svg&#039; preserveAspectRatio=&#039;xMidYMid meet&#039; overflow=&#039;visible&#039; height=&#039;100%&#039; viewBox=&#039;0 0 126 26&#039; fill=&#039;black&#039; stroke=&#039;none&#039;%3E%3Cpath d=&#039;M3,10.2c2.6,0,2.6,2,2.6,3.2S4.4,16.5,3,16.5s-3-1.4-3-3.2S0.4,10.2,3,10.2z M18.8,10.2c1.7,0,3.2,1.4,3.2,3.2s-1.4,3.2-3.2,3.2c-1.7,0-3.2-1.4-3.2-3.2S17,10.2,18.8,10.2z M34.6,10.2c1.5,0,2.6,1.4,2.6,3.2s-0.5,3.2-1.9,3.2c-1.5,0-3.4-1.4-3.4-3.2S33.1,10.2,34.6,10.2z M50.5,10.2c1.7,0,3.2,1.4,3.2,3.2s-1.4,3.2-3.2,3.2c-1.7,0-3.3-0.9-3.3-2.6S48.7,10.2,50.5,10.2z M66.2,10.2c1.5,0,3.4,1.4,3.4,3.2s-1.9,3.2-3.4,3.2c-1.5,0-2.6-0.4-2.6-2.1S64.8,10.2,66.2,10.2z M82.2,10.2c1.7,0.8,2.6,1.4,2.6,3.2s-0.1,3.2-1.6,3.2c-1.5,0-3.7-1.4-3.7-3.2S80.5,9.4,82.2,10.2zM98.6,10.2c1.5,0,2.6,0.4,2.6,2.1s-1.2,4.2-2.6,4.2c-1.5,0-3.7-0.4-3.7-2.1S97.1,10.2,98.6,10.2z M113.4,10.2c1.2,0,2.2,0.9,2.2,3.2s-0.1,3.2-1.3,3.2s-3.1-1.4-3.1-3.2S112.2,10.2,113.4,10.2z&#039;\/%3E%3C\/svg%3E&quot;);\">\n\t\t\t<span class=\"elementor-divider-separator\">\n\t\t\t\t\t\t<\/span>\n\t\t<\/div>\n\t\t\t\t\t\t<\/div>\n\t\t\t\t<\/div>\n\t\t\t\t\t<\/div>\n\t\t\t\t<\/div>\n\t\t<div class=\"elementor-element elementor-element-968f4b7 e-flex e-con-boxed e-con e-parent\" data-id=\"968f4b7\" data-element_type=\"container\" data-e-type=\"container\">\n\t\t\t\t\t<div class=\"e-con-inner\">\n\t\t<div class=\"elementor-element elementor-element-ff4c77b e-con-full e-flex e-con e-child\" data-id=\"ff4c77b\" data-element_type=\"container\" data-e-type=\"container\">\n\t\t\t\t<div class=\"elementor-element elementor-element-08f97ce elementor-widget elementor-widget-heading\" data-id=\"08f97ce\" data-element_type=\"widget\" data-e-type=\"widget\" data-widget_type=\"heading.default\">\n\t\t\t\t<div class=\"elementor-widget-container\">\n\t\t\t\t\t<h2 class=\"elementor-heading-title elementor-size-default\">Familiar a cargo<\/h2>\t\t\t\t<\/div>\n\t\t\t\t<\/div>\n\t\t\t\t<div class=\"elementor-element elementor-element-ac6b171 elementor-widget__width-initial elementor-widget elementor-widget-text-editor\" data-id=\"ac6b171\" data-element_type=\"widget\" data-e-type=\"widget\" data-widget_type=\"text-editor.default\">\n\t\t\t\t<div class=\"elementor-widget-container\">\n\t\t\t\t\t\t\t\t\t<h5 style=\"text-align: center;\">Nombre: Valentina Toro Santa<\/h5><h5 style=\"text-align: center;\">Tel\u00e9fono: 316 757 4966\u00a0<\/h5><h5 style=\"text-align: center;\">Correo: vtoro02@gmail.com<\/h5>\t\t\t\t\t\t\t\t<\/div>\n\t\t\t\t<\/div>\n\t\t\t\t<div class=\"elementor-element elementor-element-f3bd04e elementor-widget elementor-widget-button\" data-id=\"f3bd04e\" data-element_type=\"widget\" data-e-type=\"widget\" data-widget_type=\"button.default\">\n\t\t\t\t<div class=\"elementor-widget-container\">\n\t\t\t\t\t\t\t\t\t<div class=\"elementor-button-wrapper\">\n\t\t\t\t\t<a class=\"elementor-button elementor-button-link elementor-size-sm\" href=\"https:\/\/wa.me\/3167574966\" target=\"_blank\">\n\t\t\t\t\t\t<span class=\"elementor-button-content-wrapper\">\n\t\t\t\t\t\t\t\t\t<span class=\"elementor-button-text\">Escr\u00edbeme al WhatsApp<\/span>\n\t\t\t\t\t<\/span>\n\t\t\t\t\t<\/a>\n\t\t\t\t<\/div>\n\t\t\t\t\t\t\t\t<\/div>\n\t\t\t\t<\/div>\n\t\t\t\t<div class=\"elementor-element elementor-element-6c120a3 elementor-widget__width-initial elementor-widget elementor-widget-text-editor\" data-id=\"6c120a3\" data-element_type=\"widget\" data-e-type=\"widget\" data-widget_type=\"text-editor.default\">\n\t\t\t\t<div class=\"elementor-widget-container\">\n\t\t\t\t\t\t\t\t\t<h5>\u00a0<\/h5><h5 style=\"text-align: center;\"><span style=\"color: #ff0000;\">NOTA:<\/span> Si no logras contactarme y encontraste a Tim\u00f3n, por favor contacta la veterinaria. Muchas gracias!<\/h5>\t\t\t\t\t\t\t\t<\/div>\n\t\t\t\t<\/div>\n\t\t\t\t<div class=\"elementor-element elementor-element-37f2d44 elementor-widget__width-initial elementor-widget elementor-widget-text-editor\" data-id=\"37f2d44\" data-element_type=\"widget\" data-e-type=\"widget\" data-widget_type=\"text-editor.default\">\n\t\t\t\t<div class=\"elementor-widget-container\">\n\t\t\t\t\t\t\t\t\t<h3 style=\"text-align: center;\"><strong><span style=\"color: #000080;\">Tim\u00f3n es parte de nuestro hogar, ay\u00fadanos a regresarlo<\/span> <span style=\"color: #000080;\">de nuevo a casa!<\/span><\/strong><\/h3>\t\t\t\t\t\t\t\t<\/div>\n\t\t\t\t<\/div>\n\t\t\t\t<\/div>\n\t\t<div class=\"elementor-element elementor-element-fb05512 e-con-full e-flex e-con e-child\" data-id=\"fb05512\" data-element_type=\"container\" data-e-type=\"container\">\n\t\t\t\t<div class=\"elementor-element elementor-element-f7b48ef elementor-widget elementor-widget-heading\" data-id=\"f7b48ef\" data-element_type=\"widget\" data-e-type=\"widget\" data-widget_type=\"heading.default\">\n\t\t\t\t<div class=\"elementor-widget-container\">\n\t\t\t\t\t<h2 class=\"elementor-heading-title elementor-size-default\">Mi veterinaria<\/h2>\t\t\t\t<\/div>\n\t\t\t\t<\/div>\n\t\t\t\t<div class=\"elementor-element elementor-element-6d62038 elementor-widget elementor-widget-text-editor\" data-id=\"6d62038\" data-element_type=\"widget\" data-e-type=\"widget\" data-widget_type=\"text-editor.default\">\n\t\t\t\t<div class=\"elementor-widget-container\">\n\t\t\t\t\t\t\t\t\t<h4>Cl\u00ednica Veterinaria: Huellas Sanas<\/h4><h4>Direcci\u00f3n: Calle 14 # 67 -50<\/h4><h4>Tel\u00e9fono: 316 5856071\u00a0<\/h4><h4>Barrio: La Hacienda<\/h4><h4>Ciudad: Cali<\/h4>\t\t\t\t\t\t\t\t<\/div>\n\t\t\t\t<\/div>\n\t\t\t\t<div class=\"elementor-element elementor-element-473fd77 elementor-widget elementor-widget-google_maps\" data-id=\"473fd77\" data-element_type=\"widget\" data-e-type=\"widget\" data-widget_type=\"google_maps.default\">\n\t\t\t\t<div class=\"elementor-widget-container\">\n\t\t\t\t\t\t\t<div class=\"elementor-custom-embed\">\n\t\t\t<iframe loading=\"lazy\"\n\t\t\t\t\tsrc=\"https:\/\/maps.google.com\/maps?q=Calle%2014%20%23%2067%20-%2050&#038;t=m&#038;z=11&#038;output=embed&#038;iwloc=near\"\n\t\t\t\t\ttitle=\"Calle 14 # 67 - 50\"\n\t\t\t\t\taria-label=\"Calle 14 # 67 - 50\"\n\t\t\t><\/iframe>\n\t\t<\/div>\n\t\t\t\t\t\t<\/div>\n\t\t\t\t<\/div>\n\t\t\t\t<\/div>\n\t\t\t\t\t<\/div>\n\t\t\t\t<\/div>\n\t\t<div class=\"elementor-element elementor-element-90ff9d8 e-flex e-con-boxed e-con e-parent\" data-id=\"90ff9d8\" data-element_type=\"container\" data-e-type=\"container\">\n\t\t\t\t\t<div class=\"e-con-inner\">\n\t\t\t\t\t<\/div>\n\t\t\t\t<\/div>\n\t\t\t\t<\/div>\n\t\t","protected":false},"excerpt":{"rendered":"<p>Tim\u00f3n Especie: Felina Sexo: Macho Fecha de Nacimiento: 3 de agosto de 2013 Estado Reproductivo: Castrado Vacunas: Al d\u00eda Me alimento con: Pro Plan OM Felino Condici\u00f3n especial: Muy Gordito Familiar a cargo Nombre: Valentina Toro Santa Tel\u00e9fono: 316 757 4966\u00a0 Correo: vtoro02@gmail.com Escr\u00edbeme al WhatsApp \u00a0 NOTA: Si no logras contactarme y encontraste a &hellip;<\/p>\n<p class=\"read-more\"> <a class=\"\" href=\"https:\/\/www.placas.maximascotas.com.co\/petservices\/mm001\/\"> <span class=\"screen-reader-text\">Tim\u00f3n<\/span> Leer m\u00e1s &raquo;<\/a><\/p>\n","protected":false},"author":1,"featured_media":0,"parent":0,"menu_order":3,"comment_status":"closed","ping_status":"closed","template":"elementor_header_footer","meta":{"_uag_custom_page_level_css":"","site-sidebar-layout":"default","site-content-layout":"","ast-site-content-layout":"","site-content-style":"default","site-sidebar-style":"default","ast-global-header-display":"","ast-banner-title-visibility":"","ast-main-header-display":"","ast-hfb-above-header-display":"","ast-hfb-below-header-display":"","ast-hfb-mobile-header-display":"","site-post-title":"","ast-breadcrumbs-content":"","ast-featured-img":"","footer-sml-layout":"","theme-transparent-header-meta":"","adv-header-id-meta":"","stick-header-meta":"","header-above-stick-meta":"","header-main-stick-meta":"","header-below-stick-meta":"","astra-migrate-meta-layouts":"","ast-page-background-enabled":"default","ast-page-background-meta":{"desktop":{"background-color":"","background-image":"","background-repeat":"repeat","background-position":"center center","background-size":"auto","background-attachment":"scroll","background-type":"","background-media":"","overlay-type":"","overlay-color":"","overlay-gradient":""},"tablet":{"background-color":"","background-image":"","background-repeat":"repeat","background-position":"center center","background-size":"auto","background-attachment":"scroll","background-type":"","background-media":"","overlay-type":"","overlay-color":"","overlay-gradient":""},"mobile":{"background-color":"","background-image":"","background-repeat":"repeat","background-position":"center center","background-size":"auto","background-attachment":"scroll","background-type":"","background-media":"","overlay-type":"","overlay-color":"","overlay-gradient":""}},"ast-content-background-meta":{"desktop":{"background-color":"var(--ast-global-color-5)","background-image":"","background-repeat":"repeat","background-position":"center center","background-size":"auto","background-attachment":"scroll","background-type":"","background-media":"","overlay-type":"","overlay-color":"","overlay-gradient":""},"tablet":{"background-color":"var(--ast-global-color-5)","background-image":"","background-repeat":"repeat","background-position":"center center","background-size":"auto","background-attachment":"scroll","background-type":"","background-media":"","overlay-type":"","overlay-color":"","overlay-gradient":""},"mobile":{"background-color":"var(--ast-global-color-5)","background-image":"","background-repeat":"repeat","background-position":"center center","background-size":"auto","background-attachment":"scroll","background-type":"","background-media":"","overlay-type":"","overlay-color":"","overlay-gradient":""}},"footnotes":""},"class_list":["post-129","page","type-page","status-publish","hentry"],"uagb_featured_image_src":{"full":false,"thumbnail":false,"medium":false,"medium_large":false,"large":false,"1536x1536":false,"2048x2048":false},"uagb_author_info":{"display_name":"vtsanta","author_link":"https:\/\/www.placas.maximascotas.com.co\/petservices\/author\/vtsanta\/"},"uagb_comment_info":0,"uagb_excerpt":"Tim\u00f3n Especie: Felina Sexo: Macho Fecha de Nacimiento: 3 de agosto de 2013 Estado Reproductivo: Castrado Vacunas: Al d\u00eda Me alimento con: Pro Plan OM Felino Condici\u00f3n especial: Muy Gordito Familiar a cargo Nombre: Valentina Toro Santa Tel\u00e9fono: 316 757 4966\u00a0 Correo: vtoro02@gmail.com Escr\u00edbeme al WhatsApp \u00a0 NOTA: Si no logras contactarme y encontraste a&hellip;","_links":{"self":[{"href":"https:\/\/www.placas.maximascotas.com.co\/petservices\/wp-json\/wp\/v2\/pages\/129","targetHints":{"allow":["GET"]}}],"collection":[{"href":"https:\/\/www.placas.maximascotas.com.co\/petservices\/wp-json\/wp\/v2\/pages"}],"about":[{"href":"https:\/\/www.placas.maximascotas.com.co\/petservices\/wp-json\/wp\/v2\/types\/page"}],"author":[{"embeddable":true,"href":"https:\/\/www.placas.maximascotas.com.co\/petservices\/wp-json\/wp\/v2\/users\/1"}],"replies":[{"embeddable":true,"href":"https:\/\/www.placas.maximascotas.com.co\/petservices\/wp-json\/wp\/v2\/comments?post=129"}],"version-history":[{"count":4,"href":"https:\/\/www.placas.maximascotas.com.co\/petservices\/wp-json\/wp\/v2\/pages\/129\/revisions"}],"predecessor-version":[{"id":1840,"href":"https:\/\/www.placas.maximascotas.com.co\/petservices\/wp-json\/wp\/v2\/pages\/129\/revisions\/1840"}],"wp:attachment":[{"href":"https:\/\/www.placas.maximascotas.com.co\/petservices\/wp-json\/wp\/v2\/media?parent=129"}],"curies":[{"name":"wp","href":"https:\/\/api.w.org\/{rel}","templated":true}]}}